{"id":17,"date":"2022-05-02T14:19:26","date_gmt":"2022-05-02T12:19:26","guid":{"rendered":"http:\/\/www.tissagedesequanie.com\/?page_id=17"},"modified":"2025-01-18T17:42:54","modified_gmt":"2025-01-18T16:42:54","slug":"tisserand","status":"publish","type":"page","link":"https:\/\/www.tissagedesequanie.com\/en\/tisserand\/","title":{"rendered":"The weaver"},"content":{"rendered":"\t\t<div data-elementor-type=\"wp-page\" data-elementor-id=\"17\" class=\"elementor elementor-17\" data-elementor-post-type=\"page\">\n\t\t\t\t\t\t<section class=\"elementor-section elementor-top-section elementor-element elementor-element-69e49c9 elementor-section-boxed elementor-section-height-default elementor-section-height-default\" data-id=\"69e49c9\" data-element_type=\"section\" data-e-type=\"section\" data-settings=\"{&quot;jet_parallax_layout_list&quot;:[]}\">\n\t\t\t\t\t\t<div class=\"elementor-container elementor-column-gap-default\">\n\t\t\t\t\t<div class=\"elementor-column elementor-col-100 elementor-top-column elementor-element elementor-element-dcdfc51\" data-id=\"dcdfc51\" data-element_type=\"column\" data-e-type=\"column\">\n\t\t\t<div class=\"elementor-widget-wrap elementor-element-populated\">\n\t\t\t\t\t\t<div class=\"elementor-element elementor-element-3c6b28a elementor-widget elementor-widget-image\" data-id=\"3c6b28a\" data-element_type=\"widget\" data-e-type=\"widget\" data-widget_type=\"image.default\">\n\t\t\t\t<div class=\"elementor-widget-container\">\n\t\t\t\t\t\t\t\t\t\t\t\t\t\t\t<img fetchpriority=\"high\" decoding=\"async\" width=\"800\" height=\"356\" src=\"https:\/\/www.tissagedesequanie.com\/wp-content\/uploads\/2022\/08\/IMG_1560-scaled-1024x456.jpg\" class=\"attachment-large size-large wp-image-1827\" alt=\"\" srcset=\"https:\/\/www.tissagedesequanie.com\/wp-content\/uploads\/2022\/08\/IMG_1560-scaled-1024x456.jpg 1024w, https:\/\/www.tissagedesequanie.com\/wp-content\/uploads\/2022\/08\/IMG_1560-scaled-300x134.jpg 300w, https:\/\/www.tissagedesequanie.com\/wp-content\/uploads\/2022\/08\/IMG_1560-scaled-768x342.jpg 768w, https:\/\/www.tissagedesequanie.com\/wp-content\/uploads\/2022\/08\/IMG_1560-scaled-1536x684.jpg 1536w, https:\/\/www.tissagedesequanie.com\/wp-content\/uploads\/2022\/08\/IMG_1560-scaled-2048x912.jpg 2048w\" sizes=\"(max-width: 800px) 100vw, 800px\" \/>\t\t\t\t\t\t\t\t\t\t\t\t\t\t\t<\/div>\n\t\t\t\t<\/div>\n\t\t\t\t\t<\/div>\n\t\t<\/div>\n\t\t\t\t\t<\/div>\n\t\t<\/section>\n\t\t\t\t<section class=\"elementor-section elementor-top-section elementor-element elementor-element-fb55992 elementor-section-boxed elementor-section-height-default elementor-section-height-default\" data-id=\"fb55992\" data-element_type=\"section\" data-e-type=\"section\" data-settings=\"{&quot;jet_parallax_layout_list&quot;:[],&quot;background_background&quot;:&quot;classic&quot;}\">\n\t\t\t\t\t\t<div class=\"elementor-container elementor-column-gap-no\">\n\t\t\t\t\t<div class=\"elementor-column elementor-col-100 elementor-top-column elementor-element elementor-element-930fedf\" data-id=\"930fedf\" data-element_type=\"column\" data-e-type=\"column\">\n\t\t\t<div class=\"elementor-widget-wrap elementor-element-populated\">\n\t\t\t\t\t\t<section class=\"elementor-section elementor-inner-section elementor-element elementor-element-633251d elementor-section-boxed elementor-section-height-default elementor-section-height-default\" data-id=\"633251d\" data-element_type=\"section\" data-e-type=\"section\" data-settings=\"{&quot;jet_parallax_layout_list&quot;:[]}\">\n\t\t\t\t\t\t<div class=\"elementor-container elementor-column-gap-default\">\n\t\t\t\t\t<div class=\"elementor-column elementor-col-50 elementor-inner-column elementor-element elementor-element-2db6f8a elementor-invisible\" data-id=\"2db6f8a\" data-element_type=\"column\" data-e-type=\"column\" data-settings=\"{&quot;background_background&quot;:&quot;classic&quot;,&quot;animation&quot;:&quot;slideInUp&quot;}\">\n\t\t\t<div class=\"elementor-widget-wrap elementor-element-populated\">\n\t\t\t\t\t\t<div class=\"elementor-element elementor-element-3984015 elementor-widget elementor-widget-text-editor\" data-id=\"3984015\" data-element_type=\"widget\" data-e-type=\"widget\" data-settings=\"{&quot;motion_fx_motion_fx_scrolling&quot;:&quot;yes&quot;,&quot;motion_fx_translateY_effect&quot;:&quot;yes&quot;,&quot;motion_fx_translateY_direction&quot;:&quot;negative&quot;,&quot;motion_fx_translateY_speed&quot;:{&quot;unit&quot;:&quot;px&quot;,&quot;size&quot;:2,&quot;sizes&quot;:[]},&quot;motion_fx_devices&quot;:[&quot;desktop&quot;,&quot;tablet_extra&quot;,&quot;tablet&quot;],&quot;motion_fx_translateY_affectedRange&quot;:{&quot;unit&quot;:&quot;%&quot;,&quot;size&quot;:&quot;&quot;,&quot;sizes&quot;:{&quot;start&quot;:0,&quot;end&quot;:100}}}\" data-widget_type=\"text-editor.default\">\n\t\t\t\t<div class=\"elementor-widget-container\">\n\t\t\t\t\t\t\t\t\t<p>Amoureux de la nature, des montagnes, de la faune et de la flore, fascin\u00e9 depuis toujours par le textile, Guillaume nous invite \u00e0 travers ses cr\u00e9ations au voyage, \u00e0 l\u2019exploration, \u00e0 la d\u00e9couverte, \u00e0 l\u2019\u00e9vasion. Et c\u2019est au fil des rencontres qu\u2019il compose une d\u00e9licate alchimie tant\u00f4t m\u00eal\u00e9e d\u2019\u00e9l\u00e9gance et de simplicit\u00e9, tant\u00f4t d\u2019audace et d\u2019in\u00e9dit.<\/p><p>Artiste dans l\u2019\u00e2me, musicien, peintre, la contemplation est la pierre angulaire de sa cr\u00e9ativit\u00e9. <br \/>Il est ind\u00e9niablement de ceux qui trouvent l\u2019inspiration dans le calme, loin de l\u2019agitation des temps modernes, l\u2019instant d\u2019une balade en for\u00eat avec les Muses pour compagnie.<\/p>\t\t\t\t\t\t\t\t<\/div>\n\t\t\t\t<\/div>\n\t\t\t\t\t<\/div>\n\t\t<\/div>\n\t\t\t\t<div class=\"elementor-column elementor-col-50 elementor-inner-column elementor-element elementor-element-0ee048f\" data-id=\"0ee048f\" data-element_type=\"column\" data-e-type=\"column\" data-settings=\"{&quot;background_background&quot;:&quot;classic&quot;}\">\n\t\t\t<div class=\"elementor-widget-wrap elementor-element-populated\">\n\t\t\t\t\t\t<div class=\"elementor-element elementor-element-3876857 elementor-invisible elementor-widget elementor-widget-heading\" data-id=\"3876857\" data-element_type=\"widget\" data-e-type=\"widget\" data-settings=\"{&quot;_animation&quot;:&quot;slideInUp&quot;}\" data-widget_type=\"heading.default\">\n\t\t\t\t<div class=\"elementor-widget-container\">\n\t\t\t\t\t<h2 class=\"elementor-heading-title elementor-size-default\">Le tisserand<\/h2>\t\t\t\t<\/div>\n\t\t\t\t<\/div>\n\t\t\t\t<div class=\"elementor-element elementor-element-d039002 elementor-invisible elementor-widget elementor-widget-image\" data-id=\"d039002\" data-element_type=\"widget\" data-e-type=\"widget\" data-settings=\"{&quot;motion_fx_motion_fx_scrolling&quot;:&quot;yes&quot;,&quot;motion_fx_translateY_effect&quot;:&quot;yes&quot;,&quot;motion_fx_translateY_speed&quot;:{&quot;unit&quot;:&quot;px&quot;,&quot;size&quot;:2,&quot;sizes&quot;:[]},&quot;_animation&quot;:&quot;slideInUp&quot;,&quot;_animation_delay&quot;:400,&quot;motion_fx_devices&quot;:[&quot;desktop&quot;,&quot;tablet_extra&quot;,&quot;tablet&quot;],&quot;motion_fx_translateY_affectedRange&quot;:{&quot;unit&quot;:&quot;%&quot;,&quot;size&quot;:&quot;&quot;,&quot;sizes&quot;:{&quot;start&quot;:0,&quot;end&quot;:100}}}\" data-widget_type=\"image.default\">\n\t\t\t\t<div class=\"elementor-widget-container\">\n\t\t\t\t\t\t\t\t\t\t\t\t\t\t\t<img decoding=\"async\" width=\"682\" height=\"1024\" src=\"https:\/\/www.tissagedesequanie.com\/wp-content\/uploads\/2022\/08\/Cjack-varlet-20220517-tissage-sequanie-guillaume-millot-003-682x1024.jpg\" class=\"attachment-large size-large wp-image-1829\" alt=\"\" srcset=\"https:\/\/www.tissagedesequanie.com\/wp-content\/uploads\/2022\/08\/Cjack-varlet-20220517-tissage-sequanie-guillaume-millot-003-682x1024.jpg 682w, https:\/\/www.tissagedesequanie.com\/wp-content\/uploads\/2022\/08\/Cjack-varlet-20220517-tissage-sequanie-guillaume-millot-003-200x300.jpg 200w, https:\/\/www.tissagedesequanie.com\/wp-content\/uploads\/2022\/08\/Cjack-varlet-20220517-tissage-sequanie-guillaume-millot-003-768x1152.jpg 768w, https:\/\/www.tissagedesequanie.com\/wp-content\/uploads\/2022\/08\/Cjack-varlet-20220517-tissage-sequanie-guillaume-millot-003-1024x1536.jpg 1024w, https:\/\/www.tissagedesequanie.com\/wp-content\/uploads\/2022\/08\/Cjack-varlet-20220517-tissage-sequanie-guillaume-millot-003.jpg 1333w\" sizes=\"(max-width: 682px) 100vw, 682px\" \/>\t\t\t\t\t\t\t\t\t\t\t\t\t\t\t<\/div>\n\t\t\t\t<\/div>\n\t\t\t\t\t<\/div>\n\t\t<\/div>\n\t\t\t\t\t<\/div>\n\t\t<\/section>\n\t\t\t\t\t<\/div>\n\t\t<\/div>\n\t\t\t\t\t<\/div>\n\t\t<\/section>\n\t\t\t\t<section class=\"elementor-section elementor-top-section elementor-element elementor-element-d0fe30e elementor-section-boxed elementor-section-height-default elementor-section-height-default\" data-id=\"d0fe30e\" data-element_type=\"section\" data-e-type=\"section\" data-settings=\"{&quot;jet_parallax_layout_list&quot;:[]}\">\n\t\t\t\t\t\t<div class=\"elementor-container elementor-column-gap-default\">\n\t\t\t\t\t<div class=\"elementor-column elementor-col-100 elementor-top-column elementor-element elementor-element-1fae428\" data-id=\"1fae428\" data-element_type=\"column\" data-e-type=\"column\">\n\t\t\t<div class=\"elementor-widget-wrap elementor-element-populated\">\n\t\t\t\t\t\t<section class=\"elementor-section elementor-inner-section elementor-element elementor-element-4e27b03 elementor-section-boxed elementor-section-height-default elementor-section-height-default\" data-id=\"4e27b03\" data-element_type=\"section\" data-e-type=\"section\" data-settings=\"{&quot;jet_parallax_layout_list&quot;:[],&quot;background_background&quot;:&quot;classic&quot;}\">\n\t\t\t\t\t\t<div class=\"elementor-container elementor-column-gap-default\">\n\t\t\t\t\t<div class=\"elementor-column elementor-col-50 elementor-inner-column elementor-element elementor-element-7455e55 elementor-invisible\" data-id=\"7455e55\" data-element_type=\"column\" data-e-type=\"column\" data-settings=\"{&quot;animation&quot;:&quot;slideInUp&quot;,&quot;animation_delay&quot;:400}\">\n\t\t\t<div class=\"elementor-widget-wrap elementor-element-populated\">\n\t\t\t\t\t\t<div class=\"elementor-element elementor-element-61292b6 elementor-widget elementor-widget-image\" data-id=\"61292b6\" data-element_type=\"widget\" data-e-type=\"widget\" data-settings=\"{&quot;motion_fx_motion_fx_scrolling&quot;:&quot;yes&quot;,&quot;motion_fx_translateY_effect&quot;:&quot;yes&quot;,&quot;motion_fx_translateY_speed&quot;:{&quot;unit&quot;:&quot;px&quot;,&quot;size&quot;:7,&quot;sizes&quot;:[]},&quot;motion_fx_devices&quot;:[&quot;desktop&quot;,&quot;tablet_extra&quot;,&quot;tablet&quot;],&quot;motion_fx_translateY_affectedRange&quot;:{&quot;unit&quot;:&quot;%&quot;,&quot;size&quot;:&quot;&quot;,&quot;sizes&quot;:{&quot;start&quot;:0,&quot;end&quot;:100}}}\" data-widget_type=\"image.default\">\n\t\t\t\t<div class=\"elementor-widget-container\">\n\t\t\t\t\t\t\t\t\t\t\t\t\t\t\t<img decoding=\"async\" width=\"800\" height=\"511\" src=\"https:\/\/www.tissagedesequanie.com\/wp-content\/uploads\/2022\/08\/IMG_5312-1024x654.jpg\" class=\"attachment-large size-large wp-image-1828\" alt=\"\" srcset=\"https:\/\/www.tissagedesequanie.com\/wp-content\/uploads\/2022\/08\/IMG_5312-1024x654.jpg 1024w, https:\/\/www.tissagedesequanie.com\/wp-content\/uploads\/2022\/08\/IMG_5312-300x192.jpg 300w, https:\/\/www.tissagedesequanie.com\/wp-content\/uploads\/2022\/08\/IMG_5312-768x491.jpg 768w, https:\/\/www.tissagedesequanie.com\/wp-content\/uploads\/2022\/08\/IMG_5312-1536x981.jpg 1536w, https:\/\/www.tissagedesequanie.com\/wp-content\/uploads\/2022\/08\/IMG_5312-2048x1308.jpg 2048w\" sizes=\"(max-width: 800px) 100vw, 800px\" \/>\t\t\t\t\t\t\t\t\t\t\t\t\t\t\t<\/div>\n\t\t\t\t<\/div>\n\t\t\t\t\t<\/div>\n\t\t<\/div>\n\t\t\t\t<div class=\"elementor-column elementor-col-50 elementor-inner-column elementor-element elementor-element-452099c elementor-invisible\" data-id=\"452099c\" data-element_type=\"column\" data-e-type=\"column\" data-settings=\"{&quot;background_background&quot;:&quot;classic&quot;,&quot;motion_fx_motion_fx_scrolling&quot;:&quot;yes&quot;,&quot;motion_fx_translateY_effect&quot;:&quot;yes&quot;,&quot;animation&quot;:&quot;slideInUp&quot;,&quot;motion_fx_devices&quot;:[&quot;desktop&quot;,&quot;tablet_extra&quot;,&quot;tablet&quot;],&quot;motion_fx_translateY_speed&quot;:{&quot;unit&quot;:&quot;px&quot;,&quot;size&quot;:4,&quot;sizes&quot;:[]},&quot;motion_fx_translateY_affectedRange&quot;:{&quot;unit&quot;:&quot;%&quot;,&quot;size&quot;:&quot;&quot;,&quot;sizes&quot;:{&quot;start&quot;:0,&quot;end&quot;:100}}}\">\n\t\t\t<div class=\"elementor-widget-wrap elementor-element-populated\">\n\t\t\t\t\t\t<div class=\"elementor-element elementor-element-bac7807 elementor-widget elementor-widget-text-editor\" data-id=\"bac7807\" data-element_type=\"widget\" data-e-type=\"widget\" data-widget_type=\"text-editor.default\">\n\t\t\t\t<div class=\"elementor-widget-container\">\n\t\t\t\t\t\t\t\t\tEntre nuances subtiles et contrastes affirm\u00e9s, Guillaume revisite le r\u00e9pertoire des intemporels dans un design \u00e9l\u00e9gant et \u00e9pur\u00e9, inspir\u00e9 par les couleurs de la nature environnante, au fil des saisons. Qu\u2019elles soient d\u2019ici ou d\u2019ailleurs, il nous fait red\u00e9couvrir le charme de ces \u00e9toffes incontournables. Suspendus, dans le temps, comme si op\u00e9rait la magie d\u2019une pierre philosophale, Prince de Galles, pied de poule, tweed, vichy ou encore verquelure ne prennent pas une ride&#8230;\t\t\t\t\t\t\t\t<\/div>\n\t\t\t\t<\/div>\n\t\t\t\t\t<\/div>\n\t\t<\/div>\n\t\t\t\t\t<\/div>\n\t\t<\/section>\n\t\t\t\t<div class=\"elementor-element elementor-element-0a8aadc elementor-widget elementor-widget-image\" data-id=\"0a8aadc\" data-element_type=\"widget\" data-e-type=\"widget\" data-widget_type=\"image.default\">\n\t\t\t\t<div class=\"elementor-widget-container\">\n\t\t\t\t\t\t\t\t\t\t\t\t\t\t\t<img loading=\"lazy\" decoding=\"async\" width=\"800\" height=\"408\" src=\"https:\/\/www.tissagedesequanie.com\/wp-content\/uploads\/2022\/08\/IMG_4086-scaled-1024x522.jpg\" class=\"attachment-large size-large wp-image-1826\" alt=\"\" srcset=\"https:\/\/www.tissagedesequanie.com\/wp-content\/uploads\/2022\/08\/IMG_4086-scaled-1024x522.jpg 1024w, https:\/\/www.tissagedesequanie.com\/wp-content\/uploads\/2022\/08\/IMG_4086-scaled-300x153.jpg 300w, https:\/\/www.tissagedesequanie.com\/wp-content\/uploads\/2022\/08\/IMG_4086-scaled-768x392.jpg 768w, https:\/\/www.tissagedesequanie.com\/wp-content\/uploads\/2022\/08\/IMG_4086-scaled-1536x783.jpg 1536w, https:\/\/www.tissagedesequanie.com\/wp-content\/uploads\/2022\/08\/IMG_4086-scaled-2048x1044.jpg 2048w\" sizes=\"(max-width: 800px) 100vw, 800px\" \/>\t\t\t\t\t\t\t\t\t\t\t\t\t\t\t<\/div>\n\t\t\t\t<\/div>\n\t\t\t\t<div class=\"elementor-element elementor-element-bf95681 elementor-widget elementor-widget-text-editor\" data-id=\"bf95681\" data-element_type=\"widget\" data-e-type=\"widget\" data-widget_type=\"text-editor.default\">\n\t\t\t\t<div class=\"elementor-widget-container\">\n\t\t\t\t\t\t\t\t\t<p>Non sans un grain de folie, notre tisserand ne recule devant aucune difficult\u00e9 et a fait sa sp\u00e9cialit\u00e9 des techniques de tissage ancestrales les plus \u00e9labor\u00e9es comme le damass\u00e9 ou les lampas. D\u00e8s lors, il n\u2019a de cesse de les r\u00e9inventer, de les m\u00e9tisser et d\u2019enrichir la palette des possibilit\u00e9s esth\u00e9tiques qu\u2019elles ouvrent.<br>Perfectionniste et attach\u00e9 au renouveau, il sait nous proposer un design unique et durable en r\u00e9interpr\u00e9tant la fonction des objets textiles du quotidien, pour des usages modernes, mais dont les secrets de fabrication se perdent dans la nuit des temps.&nbsp;<\/p>\n<p>Sa cr\u00e9ativit\u00e9 et son sens de l\u2019innovation ont \u00e9t\u00e9 r\u00e9compens\u00e9s \u00e0 l\u2019occasion de l\u2019\u00e9dition 2023 de R\u00e9sonances, le Salon europ\u00e9en des m\u00e9tiers d\u2019art de Strasbourg, par le prix \u201cCoup de Coeur du Mobilier national\u201d.<\/p>\t\t\t\t\t\t\t\t<\/div>\n\t\t\t\t<\/div>\n\t\t\t\t\t<\/div>\n\t\t<\/div>\n\t\t\t\t\t<\/div>\n\t\t<\/section>\n\t\t\t\t<\/div>\n\t\t","protected":false},"excerpt":{"rendered":"<p>Amoureux de la nature, des montagnes, de la faune et de la flore, fascin\u00e9 depuis toujours par le textile, Guillaume nous invite \u00e0 travers ses cr\u00e9ations au voyage, \u00e0 l\u2019exploration, \u00e0 la d\u00e9couverte, \u00e0 l\u2019\u00e9vasion. Et c\u2019est au fil des rencontres qu\u2019il compose une d\u00e9licate alchimie tant\u00f4t m\u00eal\u00e9e d\u2019\u00e9l\u00e9gance et de simplicit\u00e9, tant\u00f4t d\u2019audace et [&hellip;]<\/p>\n","protected":false},"author":2,"featured_media":0,"parent":0,"menu_order":0,"comment_status":"closed","ping_status":"closed","template":"","meta":{"_seopress_robots_primary_cat":"","_seopress_titles_title":"Guillaume Millot, artiste textile fondateur de Tissage de S\u00e9quanie","_seopress_titles_desc":"Guillaume Millot, un artisan d\u2019art, artiste textile et designer textile qui repousse les limites techniques et esth\u00e9tiques d\u2019un m\u00e9tier d\u2019art ancestral.","_seopress_robots_index":"","footnotes":""},"class_list":["post-17","page","type-page","status-publish","hentry"],"_links":{"self":[{"href":"https:\/\/www.tissagedesequanie.com\/en\/wp-json\/wp\/v2\/pages\/17","targetHints":{"allow":["GET"]}}],"collection":[{"href":"https:\/\/www.tissagedesequanie.com\/en\/wp-json\/wp\/v2\/pages"}],"about":[{"href":"https:\/\/www.tissagedesequanie.com\/en\/wp-json\/wp\/v2\/types\/page"}],"author":[{"embeddable":true,"href":"https:\/\/www.tissagedesequanie.com\/en\/wp-json\/wp\/v2\/users\/2"}],"replies":[{"embeddable":true,"href":"https:\/\/www.tissagedesequanie.com\/en\/wp-json\/wp\/v2\/comments?post=17"}],"version-history":[{"count":7,"href":"https:\/\/www.tissagedesequanie.com\/en\/wp-json\/wp\/v2\/pages\/17\/revisions"}],"predecessor-version":[{"id":3040,"href":"https:\/\/www.tissagedesequanie.com\/en\/wp-json\/wp\/v2\/pages\/17\/revisions\/3040"}],"wp:attachment":[{"href":"https:\/\/www.tissagedesequanie.com\/en\/wp-json\/wp\/v2\/media?parent=17"}],"curies":[{"name":"wp","href":"https:\/\/api.w.org\/{rel}","templated":true}]}}